{"id":265,"date":"2024-12-03T09:45:18","date_gmt":"2024-12-03T08:45:18","guid":{"rendered":"https:\/\/dosis.studio\/sobre-nosotros\/"},"modified":"2024-12-13T11:26:34","modified_gmt":"2024-12-13T10:26:34","slug":"sobre-nosotros","status":"publish","type":"page","link":"https:\/\/dosis.studio\/es\/sobre-nosotros\/","title":{"rendered":"Sobre nosotros"},"content":{"rendered":"\t\t<div data-elementor-type=\"wp-page\" data-elementor-id=\"265\" class=\"elementor elementor-265 elementor-12\" data-elementor-post-type=\"page\">\n\t\t\t\t<div class=\"elementor-element elementor-element-2f22de3 e-con-full e-flex e-con e-parent\" data-id=\"2f22de3\" data-element_type=\"container\">\n\t\t<div class=\"elementor-element elementor-element-e739233 e-con-full e-flex e-con e-child\" data-id=\"e739233\" data-element_type=\"container\">\n\t\t\t\t<div class=\"elementor-element elementor-element-89eb56c elementor-widget elementor-widget-heading\" data-id=\"89eb56c\" data-element_type=\"widget\" data-widget_type=\"heading.default\">\n\t\t\t\t<div class=\"elementor-widget-container\">\n\t\t\t\t\t<h1 class=\"elementor-heading-title elementor-size-default\">Sobre nosotros<\/h1>\t\t\t\t<\/div>\n\t\t\t\t<\/div>\n\t\t\t\t<div class=\"elementor-element elementor-element-c7ab3ed elementor-widget elementor-widget-text-editor\" data-id=\"c7ab3ed\" data-element_type=\"widget\" data-widget_type=\"text-editor.default\">\n\t\t\t\t<div class=\"elementor-widget-container\">\n\t\t\t\t\t\t\t\t\t<p>Dosis fue fundado en 1998 en Olot por Imma Chamorro y Marc Calvet. En 2000 traslad\u00f3 su sede a Sant Feliu de Gu\u00edxols, ciudad de la que no se ha movido hasta hoy.  <\/p>\n<p>A lo largo de estos a\u00f1os Dosis ha ofrecido servicios de imagen y comunicaci\u00f3n gr\u00e1fica para numerosos clientes, principalmente de imagen corporativa, promocional, expositiva, editorial y packaging. <\/p>\n<p>El trabajo de Dosis siempre ha intentado satisfacer las necesidades de sus clientes con soluciones creativas adaptadas a la \u00e9poca.<\/p>\n\t\t\t\t\t\t\t\t<\/div>\n\t\t\t\t<\/div>\n\t\t\t\t<\/div>\n\t\t<div class=\"elementor-element elementor-element-ba58784 e-con-full e-flex e-con e-child\" data-id=\"ba58784\" data-element_type=\"container\">\n\t\t\t\t<\/div>\n\t\t\t\t<\/div>\n\t\t\t\t<\/div>\n\t\t","protected":false},"excerpt":{"rendered":"<p>Dosis fue fundado en 1998 en Olot por Imma Chamorro y Marc Calvet. En 2000 traslad\u00f3 su sede a Sant Feliu de Gu\u00edxols, ciudad de la que no se ha movido hasta hoy. A lo largo de estos a\u00f1os Dosis ha ofrecido servicios de imagen y comunicaci\u00f3n gr\u00e1fica para numerosos clientes, principalmente de imagen corporativa, [&hellip;]<\/p>\n","protected":false},"author":1,"featured_media":0,"parent":0,"menu_order":0,"comment_status":"closed","ping_status":"closed","template":"elementor_header_footer","meta":{"_acf_changed":false,"footnotes":""},"class_list":["post-265","page","type-page","status-publish","hentry"],"acf":[],"yoast_head":"<!-- This site is optimized with the Yoast SEO plugin v25.9 - https:\/\/yoast.com\/wordpress\/plugins\/seo\/ -->\n<title>Sobre nosotros - DOSIS<\/title>\n<meta name=\"description\" content=\"Dosis fue fundado en 1998 en Olot por Imma Chamorro y Marc Calvet. En 2000 traslad\u00f3 su sede a Sant Feliu de Gu\u00edxols.\" \/>\n<meta name=\"robots\" content=\"index, follow, max-snippet:-1, max-image-preview:large, max-video-preview:-1\" \/>\n<link rel=\"canonical\" href=\"https:\/\/dosis.studio\/es\/sobre-nosotros\/\" \/>\n<meta property=\"og:locale\" content=\"es_ES\" \/>\n<meta property=\"og:type\" content=\"article\" \/>\n<meta property=\"og:title\" content=\"Sobre nosotros - DOSIS\" \/>\n<meta property=\"og:description\" content=\"Dosis fue fundado en 1998 en Olot por Imma Chamorro y Marc Calvet. En 2000 traslad\u00f3 su sede a Sant Feliu de Gu\u00edxols.\" \/>\n<meta property=\"og:url\" content=\"https:\/\/dosis.studio\/es\/sobre-nosotros\/\" \/>\n<meta property=\"og:site_name\" content=\"DOSIS\" \/>\n<meta property=\"article:modified_time\" content=\"2024-12-13T10:26:34+00:00\" \/>\n<meta name=\"twitter:card\" content=\"summary_large_image\" \/>\n<script type=\"application\/ld+json\" class=\"yoast-schema-graph\">{\"@context\":\"https:\/\/schema.org\",\"@graph\":[{\"@type\":\"WebPage\",\"@id\":\"https:\/\/dosis.studio\/es\/sobre-nosotros\/\",\"url\":\"https:\/\/dosis.studio\/es\/sobre-nosotros\/\",\"name\":\"Sobre nosotros - DOSIS\",\"isPartOf\":{\"@id\":\"https:\/\/dosis.studio\/#website\"},\"datePublished\":\"2024-12-03T08:45:18+00:00\",\"dateModified\":\"2024-12-13T10:26:34+00:00\",\"description\":\"Dosis fue fundado en 1998 en Olot por Imma Chamorro y Marc Calvet. En 2000 traslad\u00f3 su sede a Sant Feliu de Gu\u00edxols.\",\"breadcrumb\":{\"@id\":\"https:\/\/dosis.studio\/es\/sobre-nosotros\/#breadcrumb\"},\"inLanguage\":\"es\",\"potentialAction\":[{\"@type\":\"ReadAction\",\"target\":[\"https:\/\/dosis.studio\/es\/sobre-nosotros\/\"]}]},{\"@type\":\"BreadcrumbList\",\"@id\":\"https:\/\/dosis.studio\/es\/sobre-nosotros\/#breadcrumb\",\"itemListElement\":[{\"@type\":\"ListItem\",\"position\":1,\"name\":\"Home\",\"item\":\"https:\/\/dosis.studio\/\"},{\"@type\":\"ListItem\",\"position\":2,\"name\":\"Sobre nosotros\"}]},{\"@type\":\"WebSite\",\"@id\":\"https:\/\/dosis.studio\/#website\",\"url\":\"https:\/\/dosis.studio\/\",\"name\":\"DOSIS\",\"description\":\"Estudi de Disseny Gr\u00e0fic a Sant Feliu de Gu\u00edxols, Girona, Spain\",\"publisher\":{\"@id\":\"https:\/\/dosis.studio\/#organization\"},\"potentialAction\":[{\"@type\":\"SearchAction\",\"target\":{\"@type\":\"EntryPoint\",\"urlTemplate\":\"https:\/\/dosis.studio\/?s={search_term_string}\"},\"query-input\":{\"@type\":\"PropertyValueSpecification\",\"valueRequired\":true,\"valueName\":\"search_term_string\"}}],\"inLanguage\":\"es\"},{\"@type\":\"Organization\",\"@id\":\"https:\/\/dosis.studio\/#organization\",\"name\":\"DOSIS\",\"url\":\"https:\/\/dosis.studio\/\",\"logo\":{\"@type\":\"ImageObject\",\"inLanguage\":\"es\",\"@id\":\"https:\/\/dosis.studio\/#\/schema\/logo\/image\/\",\"url\":\"https:\/\/dosis.studio\/wp-content\/uploads\/2024\/12\/logo-dosis_red.svg\",\"contentUrl\":\"https:\/\/dosis.studio\/wp-content\/uploads\/2024\/12\/logo-dosis_red.svg\",\"width\":206,\"height\":80,\"caption\":\"DOSIS\"},\"image\":{\"@id\":\"https:\/\/dosis.studio\/#\/schema\/logo\/image\/\"}}]}<\/script>\n<!-- \/ Yoast SEO plugin. -->","yoast_head_json":{"title":"Sobre nosotros - DOSIS","description":"Dosis fue fundado en 1998 en Olot por Imma Chamorro y Marc Calvet. En 2000 traslad\u00f3 su sede a Sant Feliu de Gu\u00edxols.","robots":{"index":"index","follow":"follow","max-snippet":"max-snippet:-1","max-image-preview":"max-image-preview:large","max-video-preview":"max-video-preview:-1"},"canonical":"https:\/\/dosis.studio\/es\/sobre-nosotros\/","og_locale":"es_ES","og_type":"article","og_title":"Sobre nosotros - DOSIS","og_description":"Dosis fue fundado en 1998 en Olot por Imma Chamorro y Marc Calvet. En 2000 traslad\u00f3 su sede a Sant Feliu de Gu\u00edxols.","og_url":"https:\/\/dosis.studio\/es\/sobre-nosotros\/","og_site_name":"DOSIS","article_modified_time":"2024-12-13T10:26:34+00:00","twitter_card":"summary_large_image","schema":{"@context":"https:\/\/schema.org","@graph":[{"@type":"WebPage","@id":"https:\/\/dosis.studio\/es\/sobre-nosotros\/","url":"https:\/\/dosis.studio\/es\/sobre-nosotros\/","name":"Sobre nosotros - DOSIS","isPartOf":{"@id":"https:\/\/dosis.studio\/#website"},"datePublished":"2024-12-03T08:45:18+00:00","dateModified":"2024-12-13T10:26:34+00:00","description":"Dosis fue fundado en 1998 en Olot por Imma Chamorro y Marc Calvet. En 2000 traslad\u00f3 su sede a Sant Feliu de Gu\u00edxols.","breadcrumb":{"@id":"https:\/\/dosis.studio\/es\/sobre-nosotros\/#breadcrumb"},"inLanguage":"es","potentialAction":[{"@type":"ReadAction","target":["https:\/\/dosis.studio\/es\/sobre-nosotros\/"]}]},{"@type":"BreadcrumbList","@id":"https:\/\/dosis.studio\/es\/sobre-nosotros\/#breadcrumb","itemListElement":[{"@type":"ListItem","position":1,"name":"Home","item":"https:\/\/dosis.studio\/"},{"@type":"ListItem","position":2,"name":"Sobre nosotros"}]},{"@type":"WebSite","@id":"https:\/\/dosis.studio\/#website","url":"https:\/\/dosis.studio\/","name":"DOSIS","description":"Estudi de Disseny Gr\u00e0fic a Sant Feliu de Gu\u00edxols, Girona, Spain","publisher":{"@id":"https:\/\/dosis.studio\/#organization"},"potentialAction":[{"@type":"SearchAction","target":{"@type":"EntryPoint","urlTemplate":"https:\/\/dosis.studio\/?s={search_term_string}"},"query-input":{"@type":"PropertyValueSpecification","valueRequired":true,"valueName":"search_term_string"}}],"inLanguage":"es"},{"@type":"Organization","@id":"https:\/\/dosis.studio\/#organization","name":"DOSIS","url":"https:\/\/dosis.studio\/","logo":{"@type":"ImageObject","inLanguage":"es","@id":"https:\/\/dosis.studio\/#\/schema\/logo\/image\/","url":"https:\/\/dosis.studio\/wp-content\/uploads\/2024\/12\/logo-dosis_red.svg","contentUrl":"https:\/\/dosis.studio\/wp-content\/uploads\/2024\/12\/logo-dosis_red.svg","width":206,"height":80,"caption":"DOSIS"},"image":{"@id":"https:\/\/dosis.studio\/#\/schema\/logo\/image\/"}}]}},"_links":{"self":[{"href":"https:\/\/dosis.studio\/es\/wp-json\/wp\/v2\/pages\/265","targetHints":{"allow":["GET"]}}],"collection":[{"href":"https:\/\/dosis.studio\/es\/wp-json\/wp\/v2\/pages"}],"about":[{"href":"https:\/\/dosis.studio\/es\/wp-json\/wp\/v2\/types\/page"}],"author":[{"embeddable":true,"href":"https:\/\/dosis.studio\/es\/wp-json\/wp\/v2\/users\/1"}],"replies":[{"embeddable":true,"href":"https:\/\/dosis.studio\/es\/wp-json\/wp\/v2\/comments?post=265"}],"version-history":[{"count":2,"href":"https:\/\/dosis.studio\/es\/wp-json\/wp\/v2\/pages\/265\/revisions"}],"predecessor-version":[{"id":403,"href":"https:\/\/dosis.studio\/es\/wp-json\/wp\/v2\/pages\/265\/revisions\/403"}],"wp:attachment":[{"href":"https:\/\/dosis.studio\/es\/wp-json\/wp\/v2\/media?parent=265"}],"curies":[{"name":"wp","href":"https:\/\/api.w.org\/{rel}","templated":true}]}}